{"id":26,"date":"2024-11-15T20:21:50","date_gmt":"2024-11-15T20:21:50","guid":{"rendered":"https:\/\/pepepsicologo.es\/about-2\/"},"modified":"2025-05-05T15:31:18","modified_gmt":"2025-05-05T15:31:18","slug":"sobre-mi","status":"publish","type":"page","link":"https:\/\/pepepsicologo.es\/en\/sobre-mi\/","title":{"rendered":"Sobre m\u00ed"},"content":{"rendered":"<div data-elementor-type=\"wp-page\" data-elementor-id=\"26\" class=\"elementor elementor-26\" data-elementor-post-type=\"page\">\n\t\t\t\t\t\t<section class=\"elementor-section elementor-top-section elementor-element elementor-element-86927a0 elementor-section-full_width elementor-section-height-min-height elementor-section-items-stretch elementor-section-height-default\" data-id=\"86927a0\" data-element_type=\"section\" data-settings=\"{&quot;background_background&quot;:&quot;classic&quot;}\">\n\t\t\t\t\t\t<div class=\"elementor-container elementor-column-gap-default\">\n\t\t\t\t\t<div class=\"elementor-column elementor-col-50 elementor-top-column elementor-element elementor-element-75a6723b\" data-id=\"75a6723b\" data-element_type=\"column\">\n\t\t\t<div class=\"elementor-widget-wrap elementor-element-populated\">\n\t\t\t\t\t\t<section class=\"elementor-section elementor-inner-section elementor-element elementor-element-1b2a897 elementor-section-boxed elementor-section-height-default elementor-section-height-default\" data-id=\"1b2a897\" data-element_type=\"section\">\n\t\t\t\t\t\t<div class=\"elementor-container elementor-column-gap-default\">\n\t\t\t\t\t<div class=\"elementor-column elementor-col-100 elementor-inner-column elementor-element elementor-element-6b5ff715\" data-id=\"6b5ff715\" data-element_type=\"column\">\n\t\t\t<div class=\"elementor-widget-wrap elementor-element-populated\">\n\t\t\t\t\t\t<div class=\"elementor-element elementor-element-d685f84 elementor-widget elementor-widget-breadcrumbs\" data-id=\"d685f84\" data-element_type=\"widget\" data-widget_type=\"breadcrumbs.default\">\n\t\t\t\t<div class=\"elementor-widget-container\">\n\t\t\t\t\t<p id=\"breadcrumbs\"><span><span><a href=\"https:\/\/pepepsicologo.es\/en\/\">Inicio<\/a><\/span><\/span><\/p>\t\t\t\t<\/div>\n\t\t\t\t<\/div>\n\t\t\t\t<div class=\"elementor-element elementor-element-d67a82e elementor-widget elementor-widget-heading\" data-id=\"d67a82e\" data-element_type=\"widget\" data-widget_type=\"heading.default\">\n\t\t\t\t<div class=\"elementor-widget-container\">\n\t\t\t\t\t<h1 class=\"elementor-heading-title elementor-size-default\">Pepe Psic\u00f3logo<\/h1>\t\t\t\t<\/div>\n\t\t\t\t<\/div>\n\t\t\t\t<div class=\"elementor-element elementor-element-599cdf7 elementor-widget elementor-widget-text-editor\" data-id=\"599cdf7\" data-element_type=\"widget\" data-widget_type=\"text-editor.default\">\n\t\t\t\t<div class=\"elementor-widget-container\">\n\t\t\t\t\t\t\t\t\t<p>Llevo m\u00e1s de diez a\u00f1os <strong>acompa\u00f1ando a personas <\/strong>en sus momentos m\u00e1s dif\u00edciles,<strong> ayud\u00e1ndolas a entender y superar sus emociones<\/strong>. Para m\u00ed, no eres solo un paciente: eres una persona con una historia \u00fanica, y eso es lo que gu\u00eda cada paso de nuestro proceso juntos.<\/p><p>M\u00e1s que un tratamiento psicol\u00f3gico, quiero ofrecerte un espacio seguro donde <strong>te sientas comprendido, apoyado y capaz de alcanzar el bienestar<\/strong> que mereces.<\/p>\t\t\t\t\t\t\t\t<\/div>\n\t\t\t\t<\/div>\n\t\t\t\t\t<\/div>\n\t\t<\/div>\n\t\t\t\t\t<\/div>\n\t\t<\/section>\n\t\t\t\t\t<\/div>\n\t\t<\/div>\n\t\t\t\t<div class=\"elementor-column elementor-col-50 elementor-top-column elementor-element elementor-element-d2c5812\" data-id=\"d2c5812\" data-element_type=\"column\" data-settings=\"{&quot;background_background&quot;:&quot;classic&quot;}\">\n\t\t\t<div class=\"elementor-widget-wrap elementor-element-populated\">\n\t\t\t\t\t\t<div class=\"elementor-element elementor-element-3f37bb71 elementor-widget elementor-widget-spacer\" data-id=\"3f37bb71\" data-element_type=\"widget\" data-widget_type=\"spacer.default\">\n\t\t\t\t<div class=\"elementor-widget-container\">\n\t\t\t\t\t\t\t<div class=\"elementor-spacer\">\n\t\t\t<div class=\"elementor-spacer-inner\"><\/div>\n\t\t<\/div>\n\t\t\t\t\t\t<\/div>\n\t\t\t\t<\/div>\n\t\t\t\t\t<\/div>\n\t\t<\/div>\n\t\t\t\t\t<\/div>\n\t\t<\/section>\n\t\t\t\t<section class=\"elementor-section elementor-top-section elementor-element elementor-element-69ce175c elementor-reverse-mobile elementor-section-boxed elementor-section-height-default elementor-section-height-default\" data-id=\"69ce175c\" data-element_type=\"section\" data-settings=\"{&quot;background_background&quot;:&quot;classic&quot;}\">\n\t\t\t\t\t\t<div class=\"elementor-container elementor-column-gap-default\">\n\t\t\t\t\t<div class=\"elementor-column elementor-col-100 elementor-top-column elementor-element elementor-element-5a76a991 elementor-invisible\" data-id=\"5a76a991\" data-element_type=\"column\" data-settings=\"{&quot;animation&quot;:&quot;fadeIn&quot;,&quot;animation_delay&quot;:300}\">\n\t\t\t<div class=\"elementor-widget-wrap elementor-element-populated\">\n\t\t\t\t\t\t<div class=\"elementor-element elementor-element-6ad1bf8f elementor-widget elementor-widget-image\" data-id=\"6ad1bf8f\" data-element_type=\"widget\" data-widget_type=\"image.default\">\n\t\t\t\t<div class=\"elementor-widget-container\">\n\t\t\t\t\t\t\t\t\t\t\t\t\t\t\t<img fetchpriority=\"high\" decoding=\"async\" width=\"800\" height=\"534\" src=\"https:\/\/pepepsicologo.es\/wp-content\/uploads\/2025\/05\/consulta-psicologo-online-1024x683.jpg\" class=\"attachment-large size-large wp-image-1592\" alt=\"\" srcset=\"https:\/\/pepepsicologo.es\/wp-content\/uploads\/2025\/05\/consulta-psicologo-online-1024x683.jpg 1024w, https:\/\/pepepsicologo.es\/wp-content\/uploads\/2025\/05\/consulta-psicologo-online-300x200.jpg 300w, https:\/\/pepepsicologo.es\/wp-content\/uploads\/2025\/05\/consulta-psicologo-online-768x512.jpg 768w, https:\/\/pepepsicologo.es\/wp-content\/uploads\/2025\/05\/consulta-psicologo-online-1536x1025.jpg 1536w, https:\/\/pepepsicologo.es\/wp-content\/uploads\/2025\/05\/consulta-psicologo-online.jpg 2000w\" sizes=\"(max-width: 800px) 100vw, 800px\" \/>\t\t\t\t\t\t\t\t\t\t\t\t\t\t\t<\/div>\n\t\t\t\t<\/div>\n\t\t\t\t<div class=\"elementor-element elementor-element-143561b4 elementor-widget elementor-widget-testimonial\" data-id=\"143561b4\" data-element_type=\"widget\" data-widget_type=\"testimonial.default\">\n\t\t\t\t<div class=\"elementor-widget-container\">\n\t\t\t\t\t\t\t<div class=\"elementor-testimonial-wrapper\">\n\t\t\t\t\t\t\t<div class=\"elementor-testimonial-content\">Pepe Psic\u00f3logo<\/div>\n\t\t\t\n\t\t\t\t\t\t<div class=\"elementor-testimonial-meta\">\n\t\t\t\t<div class=\"elementor-testimonial-meta-inner\">\n\t\t\t\t\t\n\t\t\t\t\t\t\t\t\t\t<div class=\"elementor-testimonial-details\">\n\t\t\t\t\t\t\t\t\t\t\t\t\t\t<div class=\"elementor-testimonial-name\">Psic\u00f3logo cl\u00ednico y especialista en TCA<\/div>\n\t\t\t\t\t\t\t\t\t\t\t\t\t\t\t\t\t\t\t<\/div>\n\t\t\t\t\t\t\t\t\t<\/div>\n\t\t\t<\/div>\n\t\t\t\t\t<\/div>\n\t\t\t\t\t\t<\/div>\n\t\t\t\t<\/div>\n\t\t\t\t\t<\/div>\n\t\t<\/div>\n\t\t\t\t<div class=\"elementor-column elementor-col-100 elementor-top-column elementor-element elementor-element-712bb05f\" data-id=\"712bb05f\" data-element_type=\"column\">\n\t\t\t<div class=\"elementor-widget-wrap elementor-element-populated\">\n\t\t\t\t\t\t<div class=\"elementor-element elementor-element-4baf5967 elementor-widget elementor-widget-heading\" data-id=\"4baf5967\" data-element_type=\"widget\" data-widget_type=\"heading.default\">\n\t\t\t\t<div class=\"elementor-widget-container\">\n\t\t\t\t\t<p class=\"elementor-heading-title elementor-size-default\">Mi pasi\u00f3n es ayudar<\/p>\t\t\t\t<\/div>\n\t\t\t\t<\/div>\n\t\t\t\t<div class=\"elementor-element elementor-element-69259978 elementor-widget elementor-widget-text-editor\" data-id=\"69259978\" data-element_type=\"widget\" data-widget_type=\"text-editor.default\">\n\t\t\t\t<div class=\"elementor-widget-container\">\n\t\t\t\t\t\t\t\t\t<p>Soy psic\u00f3logo cl\u00ednico y especialista en trastornos de la conducta alimentaria, con gran experiencia en el \u00e1mbito de la salud mental en Granada y mediante terapias online. Mi enfoque se basa en acompa\u00f1ar a las personas en el proceso de <strong>superar dificultades, siempre desde una perspectiva cercana y personalizada<\/strong>.<\/p><p>A lo largo de mi carrera, <strong>he puesto todo mi esfuerzo en crear un espacio terap\u00e9utico seguro y acogedor<\/strong>, donde cada persona se sienta escuchada, comprendida y apoyada.\u00a0<\/p><p>Mi mayor satisfacci\u00f3n es ver c\u00f3mo quienes conf\u00edan en m\u00ed logran encontrar su camino hacia el bienestar emocional.<\/p>\t\t\t\t\t\t\t\t<\/div>\n\t\t\t\t<\/div>\n\t\t\t\t\t<\/div>\n\t\t<\/div>\n\t\t\t\t\t<\/div>\n\t\t<\/section>\n\t\t\t\t<\/div>","protected":false},"excerpt":{"rendered":"<p>Pepe Psic\u00f3logo Llevo m\u00e1s de diez a\u00f1os acompa\u00f1ando a personas en sus momentos m\u00e1s dif\u00edciles, ayud\u00e1ndolas a entender y superar sus emociones. Para m\u00ed, no eres solo un paciente: eres una persona con una historia \u00fanica, y eso es lo que gu\u00eda cada paso de nuestro proceso juntos. M\u00e1s que un tratamiento psicol\u00f3gico, quiero ofrecerte [&hellip;]<\/p>\n","protected":false},"author":2,"featured_media":0,"parent":0,"menu_order":0,"comment_status":"closed","ping_status":"closed","template":"elementor_header_footer","meta":{"iawp_total_views":65,"footnotes":""},"class_list":["post-26","page","type-page","status-publish","hentry"],"yoast_head":"<!-- This site is optimized with the Yoast SEO plugin v27.0 - https:\/\/yoast.com\/product\/yoast-seo-wordpress\/ -->\n<title>Sobre m\u00ed - Pepe Psic\u00f3logo<\/title>\n<meta name=\"description\" content=\"Llevo m\u00e1s de diez a\u00f1os acompa\u00f1ando a personas en sus momentos m\u00e1s dif\u00edciles, ayud\u00e1ndolas a entender y superar sus emociones\" \/>\n<meta name=\"robots\" content=\"index, follow, max-snippet:-1, max-image-preview:large, max-video-preview:-1\" \/>\n<link rel=\"canonical\" href=\"https:\/\/pepepsicologo.es\/en\/sobre-mi\/\" \/>\n<meta property=\"og:locale\" content=\"en_GB\" \/>\n<meta property=\"og:type\" content=\"article\" \/>\n<meta property=\"og:title\" content=\"Sobre m\u00ed - Pepe Psic\u00f3logo\" \/>\n<meta property=\"og:description\" content=\"Llevo m\u00e1s de diez a\u00f1os acompa\u00f1ando a personas en sus momentos m\u00e1s dif\u00edciles, ayud\u00e1ndolas a entender y superar sus emociones\" \/>\n<meta property=\"og:url\" content=\"https:\/\/pepepsicologo.es\/en\/sobre-mi\/\" \/>\n<meta property=\"og:site_name\" content=\"Pepe Psic\u00f3logo\" \/>\n<meta property=\"article:modified_time\" content=\"2025-05-05T15:31:18+00:00\" \/>\n<meta property=\"og:image\" content=\"https:\/\/pepepsicologo.es\/wp-content\/uploads\/2025\/05\/consulta-psicologo-online-1024x683.jpg\" \/>\n<meta name=\"twitter:card\" content=\"summary_large_image\" \/>\n<meta name=\"twitter:label1\" content=\"Estimated reading time\" \/>\n\t<meta name=\"twitter:data1\" content=\"2 minutes\" \/>\n<script type=\"application\/ld+json\" class=\"yoast-schema-graph\">{\"@context\":\"https:\/\/schema.org\",\"@graph\":[{\"@type\":\"WebPage\",\"@id\":\"https:\/\/pepepsicologo.es\/sobre-mi\/\",\"url\":\"https:\/\/pepepsicologo.es\/sobre-mi\/\",\"name\":\"Sobre m\u00ed - Pepe Psic\u00f3logo\",\"isPartOf\":{\"@id\":\"https:\/\/pepepsicologo.es\/#website\"},\"primaryImageOfPage\":{\"@id\":\"https:\/\/pepepsicologo.es\/sobre-mi\/#primaryimage\"},\"image\":{\"@id\":\"https:\/\/pepepsicologo.es\/sobre-mi\/#primaryimage\"},\"thumbnailUrl\":\"https:\/\/pepepsicologo.es\/wp-content\/uploads\/2025\/05\/consulta-psicologo-online-1024x683.jpg\",\"datePublished\":\"2024-11-15T20:21:50+00:00\",\"dateModified\":\"2025-05-05T15:31:18+00:00\",\"description\":\"Llevo m\u00e1s de diez a\u00f1os acompa\u00f1ando a personas en sus momentos m\u00e1s dif\u00edciles, ayud\u00e1ndolas a entender y superar sus emociones\",\"breadcrumb\":{\"@id\":\"https:\/\/pepepsicologo.es\/sobre-mi\/#breadcrumb\"},\"inLanguage\":\"en-GB\",\"potentialAction\":[{\"@type\":\"ReadAction\",\"target\":[\"https:\/\/pepepsicologo.es\/sobre-mi\/\"]}]},{\"@type\":\"ImageObject\",\"inLanguage\":\"en-GB\",\"@id\":\"https:\/\/pepepsicologo.es\/sobre-mi\/#primaryimage\",\"url\":\"https:\/\/pepepsicologo.es\/wp-content\/uploads\/2025\/05\/consulta-psicologo-online-1024x683.jpg\",\"contentUrl\":\"https:\/\/pepepsicologo.es\/wp-content\/uploads\/2025\/05\/consulta-psicologo-online-1024x683.jpg\"},{\"@type\":\"BreadcrumbList\",\"@id\":\"https:\/\/pepepsicologo.es\/sobre-mi\/#breadcrumb\",\"itemListElement\":[{\"@type\":\"ListItem\",\"position\":1,\"name\":\"Inicio\",\"item\":\"https:\/\/pepepsicologo.es\/\"},{\"@type\":\"ListItem\",\"position\":2,\"name\":\"Sobre m\u00ed\"}]},{\"@type\":\"WebSite\",\"@id\":\"https:\/\/pepepsicologo.es\/#website\",\"url\":\"https:\/\/pepepsicologo.es\/\",\"name\":\"Pepe Psic\u00f3logo\",\"description\":\"Tu psic\u00f3logo online en Granada\",\"publisher\":{\"@id\":\"https:\/\/pepepsicologo.es\/#organization\"},\"potentialAction\":[{\"@type\":\"SearchAction\",\"target\":{\"@type\":\"EntryPoint\",\"urlTemplate\":\"https:\/\/pepepsicologo.es\/?s={search_term_string}\"},\"query-input\":{\"@type\":\"PropertyValueSpecification\",\"valueRequired\":true,\"valueName\":\"search_term_string\"}}],\"inLanguage\":\"en-GB\"},{\"@type\":\"Organization\",\"@id\":\"https:\/\/pepepsicologo.es\/#organization\",\"name\":\"Pepe Psic\u00f3logo\",\"url\":\"https:\/\/pepepsicologo.es\/\",\"logo\":{\"@type\":\"ImageObject\",\"inLanguage\":\"en-GB\",\"@id\":\"https:\/\/pepepsicologo.es\/#\/schema\/logo\/image\/\",\"url\":\"https:\/\/pepepsicologo.es\/wp-content\/uploads\/2025\/05\/logotipo-pepe-psicologo.png\",\"contentUrl\":\"https:\/\/pepepsicologo.es\/wp-content\/uploads\/2025\/05\/logotipo-pepe-psicologo.png\",\"width\":800,\"height\":508,\"caption\":\"Pepe Psic\u00f3logo\"},\"image\":{\"@id\":\"https:\/\/pepepsicologo.es\/#\/schema\/logo\/image\/\"}}]}<\/script>\n<!-- \/ Yoast SEO plugin. -->","yoast_head_json":{"title":"Sobre m\u00ed - Pepe Psic\u00f3logo","description":"Llevo m\u00e1s de diez a\u00f1os acompa\u00f1ando a personas en sus momentos m\u00e1s dif\u00edciles, ayud\u00e1ndolas a entender y superar sus emociones","robots":{"index":"index","follow":"follow","max-snippet":"max-snippet:-1","max-image-preview":"max-image-preview:large","max-video-preview":"max-video-preview:-1"},"canonical":"https:\/\/pepepsicologo.es\/en\/sobre-mi\/","og_locale":"en_GB","og_type":"article","og_title":"Sobre m\u00ed - Pepe Psic\u00f3logo","og_description":"Llevo m\u00e1s de diez a\u00f1os acompa\u00f1ando a personas en sus momentos m\u00e1s dif\u00edciles, ayud\u00e1ndolas a entender y superar sus emociones","og_url":"https:\/\/pepepsicologo.es\/en\/sobre-mi\/","og_site_name":"Pepe Psic\u00f3logo","article_modified_time":"2025-05-05T15:31:18+00:00","og_image":[{"url":"https:\/\/pepepsicologo.es\/wp-content\/uploads\/2025\/05\/consulta-psicologo-online-1024x683.jpg","type":"","width":"","height":""}],"twitter_card":"summary_large_image","twitter_misc":{"Estimated reading time":"2 minutes"},"schema":{"@context":"https:\/\/schema.org","@graph":[{"@type":"WebPage","@id":"https:\/\/pepepsicologo.es\/sobre-mi\/","url":"https:\/\/pepepsicologo.es\/sobre-mi\/","name":"Sobre m\u00ed - Pepe Psic\u00f3logo","isPartOf":{"@id":"https:\/\/pepepsicologo.es\/#website"},"primaryImageOfPage":{"@id":"https:\/\/pepepsicologo.es\/sobre-mi\/#primaryimage"},"image":{"@id":"https:\/\/pepepsicologo.es\/sobre-mi\/#primaryimage"},"thumbnailUrl":"https:\/\/pepepsicologo.es\/wp-content\/uploads\/2025\/05\/consulta-psicologo-online-1024x683.jpg","datePublished":"2024-11-15T20:21:50+00:00","dateModified":"2025-05-05T15:31:18+00:00","description":"Llevo m\u00e1s de diez a\u00f1os acompa\u00f1ando a personas en sus momentos m\u00e1s dif\u00edciles, ayud\u00e1ndolas a entender y superar sus emociones","breadcrumb":{"@id":"https:\/\/pepepsicologo.es\/sobre-mi\/#breadcrumb"},"inLanguage":"en-GB","potentialAction":[{"@type":"ReadAction","target":["https:\/\/pepepsicologo.es\/sobre-mi\/"]}]},{"@type":"ImageObject","inLanguage":"en-GB","@id":"https:\/\/pepepsicologo.es\/sobre-mi\/#primaryimage","url":"https:\/\/pepepsicologo.es\/wp-content\/uploads\/2025\/05\/consulta-psicologo-online-1024x683.jpg","contentUrl":"https:\/\/pepepsicologo.es\/wp-content\/uploads\/2025\/05\/consulta-psicologo-online-1024x683.jpg"},{"@type":"BreadcrumbList","@id":"https:\/\/pepepsicologo.es\/sobre-mi\/#breadcrumb","itemListElement":[{"@type":"ListItem","position":1,"name":"Inicio","item":"https:\/\/pepepsicologo.es\/"},{"@type":"ListItem","position":2,"name":"Sobre m\u00ed"}]},{"@type":"WebSite","@id":"https:\/\/pepepsicologo.es\/#website","url":"https:\/\/pepepsicologo.es\/","name":"Pepe Psic\u00f3logo","description":"Tu psic\u00f3logo online en Granada","publisher":{"@id":"https:\/\/pepepsicologo.es\/#organization"},"potentialAction":[{"@type":"SearchAction","target":{"@type":"EntryPoint","urlTemplate":"https:\/\/pepepsicologo.es\/?s={search_term_string}"},"query-input":{"@type":"PropertyValueSpecification","valueRequired":true,"valueName":"search_term_string"}}],"inLanguage":"en-GB"},{"@type":"Organization","@id":"https:\/\/pepepsicologo.es\/#organization","name":"Pepe Psic\u00f3logo","url":"https:\/\/pepepsicologo.es\/","logo":{"@type":"ImageObject","inLanguage":"en-GB","@id":"https:\/\/pepepsicologo.es\/#\/schema\/logo\/image\/","url":"https:\/\/pepepsicologo.es\/wp-content\/uploads\/2025\/05\/logotipo-pepe-psicologo.png","contentUrl":"https:\/\/pepepsicologo.es\/wp-content\/uploads\/2025\/05\/logotipo-pepe-psicologo.png","width":800,"height":508,"caption":"Pepe Psic\u00f3logo"},"image":{"@id":"https:\/\/pepepsicologo.es\/#\/schema\/logo\/image\/"}}]}},"_links":{"self":[{"href":"https:\/\/pepepsicologo.es\/en\/wp-json\/wp\/v2\/pages\/26","targetHints":{"allow":["GET"]}}],"collection":[{"href":"https:\/\/pepepsicologo.es\/en\/wp-json\/wp\/v2\/pages"}],"about":[{"href":"https:\/\/pepepsicologo.es\/en\/wp-json\/wp\/v2\/types\/page"}],"author":[{"embeddable":true,"href":"https:\/\/pepepsicologo.es\/en\/wp-json\/wp\/v2\/users\/2"}],"replies":[{"embeddable":true,"href":"https:\/\/pepepsicologo.es\/en\/wp-json\/wp\/v2\/comments?post=26"}],"version-history":[{"count":11,"href":"https:\/\/pepepsicologo.es\/en\/wp-json\/wp\/v2\/pages\/26\/revisions"}],"predecessor-version":[{"id":1789,"href":"https:\/\/pepepsicologo.es\/en\/wp-json\/wp\/v2\/pages\/26\/revisions\/1789"}],"wp:attachment":[{"href":"https:\/\/pepepsicologo.es\/en\/wp-json\/wp\/v2\/media?parent=26"}],"curies":[{"name":"wp","href":"https:\/\/api.w.org\/{rel}","templated":true}]}}