{"id":2000,"date":"2025-05-22T06:47:55","date_gmt":"2025-05-22T06:47:55","guid":{"rendered":"https:\/\/pepepsicologo.es\/?page_id=2000"},"modified":"2025-05-22T09:37:47","modified_gmt":"2025-05-22T09:37:47","slug":"estado-animo-duelo","status":"publish","type":"page","link":"https:\/\/pepepsicologo.es\/en\/servicios\/estado-animo-duelo\/","title":{"rendered":"Estado \u00e1nimo y duelo"},"content":{"rendered":"\t\t<div data-elementor-type=\"wp-page\" data-elementor-id=\"2000\" class=\"elementor elementor-2000\" data-elementor-post-type=\"page\">\n\t\t\t\t\t\t<section class=\"elementor-section elementor-top-section elementor-element elementor-element-e974dd7 elementor-section-height-min-height elementor-section-items-stretch elementor-section-full_width elementor-section-height-default\" data-id=\"e974dd7\" data-element_type=\"section\" data-settings=\"{&quot;background_background&quot;:&quot;classic&quot;}\">\n\t\t\t\t\t\t\t<div class=\"elementor-background-overlay\"><\/div>\n\t\t\t\t\t\t\t<div class=\"elementor-container elementor-column-gap-no\">\n\t\t\t\t\t<div class=\"elementor-column elementor-col-50 elementor-top-column elementor-element elementor-element-5a59a1a\" data-id=\"5a59a1a\" data-element_type=\"column\">\n\t\t\t<div class=\"elementor-widget-wrap elementor-element-populated\">\n\t\t\t\t\t\t<div class=\"elementor-element elementor-element-17093b4 elementor-widget elementor-widget-heading\" data-id=\"17093b4\" data-element_type=\"widget\" data-widget_type=\"heading.default\">\n\t\t\t\t<div class=\"elementor-widget-container\">\n\t\t\t\t\t<h1 class=\"elementor-heading-title elementor-size-default\">Psic\u00f3logo duelo <\/h1>\t\t\t\t<\/div>\n\t\t\t\t<\/div>\n\t\t\t\t<div class=\"elementor-element elementor-element-8843298 elementor-widget elementor-widget-heading\" data-id=\"8843298\" data-element_type=\"widget\" data-widget_type=\"heading.default\">\n\t\t\t\t<div class=\"elementor-widget-container\">\n\t\t\t\t\t<p class=\"elementor-heading-title elementor-size-default\">Estado de \u00e1nimo y proceso de duelo<\/p>\t\t\t\t<\/div>\n\t\t\t\t<\/div>\n\t\t\t\t<div class=\"elementor-element elementor-element-e4b462f elementor-widget elementor-widget-text-editor\" data-id=\"e4b462f\" data-element_type=\"widget\" data-widget_type=\"text-editor.default\">\n\t\t\t\t<div class=\"elementor-widget-container\">\n\t\t\t\t\t\t\t\t\t<p><strong>Si t\u00fa o alguien cercano<\/strong> est\u00e1 lidiando con un problema de estr\u00e9s, buscar ayuda es el primer paso hacia el bienestar. No est\u00e1s solo en este proceso, hay apoyo y soluciones para <strong>afrontar p\u00e9rdidas y cambios emocionales<\/strong>.<\/p>\t\t\t\t\t\t\t\t<\/div>\n\t\t\t\t<\/div>\n\t\t\t\t\t<\/div>\n\t\t<\/div>\n\t\t\t\t<div class=\"elementor-column elementor-col-50 elementor-top-column elementor-element elementor-element-098354c elementor-hidden-mobile\" data-id=\"098354c\" data-element_type=\"column\">\n\t\t\t<div class=\"elementor-widget-wrap\">\n\t\t\t\t\t\t\t<\/div>\n\t\t<\/div>\n\t\t\t\t\t<\/div>\n\t\t<\/section>\n\t\t\t\t<section class=\"elementor-section elementor-top-section elementor-element elementor-element-a77c5b4 elementor-section-boxed elementor-section-height-default elementor-section-height-default\" data-id=\"a77c5b4\" data-element_type=\"section\">\n\t\t\t\t\t\t<div class=\"elementor-container elementor-column-gap-default\">\n\t\t\t\t\t<div class=\"elementor-column elementor-col-100 elementor-top-column elementor-element elementor-element-93c94fe\" data-id=\"93c94fe\" data-element_type=\"column\">\n\t\t\t<div class=\"elementor-widget-wrap elementor-element-populated\">\n\t\t\t\t\t\t<div class=\"elementor-element elementor-element-3acf7a1 elementor-widget elementor-widget-breadcrumbs\" data-id=\"3acf7a1\" data-element_type=\"widget\" data-widget_type=\"breadcrumbs.default\">\n\t\t\t\t<div class=\"elementor-widget-container\">\n\t\t\t\t\t<p id=\"breadcrumbs\"><span><span><a href=\"https:\/\/pepepsicologo.es\/\">Inicio<\/a><\/span><\/span><\/p>\t\t\t\t<\/div>\n\t\t\t\t<\/div>\n\t\t\t\t<div class=\"elementor-element elementor-element-0524af5 elementor-widget elementor-widget-heading\" data-id=\"0524af5\" data-element_type=\"widget\" data-widget_type=\"heading.default\">\n\t\t\t\t<div class=\"elementor-widget-container\">\n\t\t\t\t\t<h2 class=\"elementor-heading-title elementor-size-default\">Terapia para procesos de duelo<\/h2>\t\t\t\t<\/div>\n\t\t\t\t<\/div>\n\t\t\t\t<div class=\"elementor-element elementor-element-e5ae49b elementor-widget elementor-widget-text-editor\" data-id=\"e5ae49b\" data-element_type=\"widget\" data-widget_type=\"text-editor.default\">\n\t\t\t\t<div class=\"elementor-widget-container\">\n\t\t\t\t\t\t\t\t\t<p>Hay momentos en los que el <strong>\u00e1nimo decae y la vida se ti\u00f1e de una sensaci\u00f3n de vac\u00edo, cansancio o tristeza profunda<\/strong>. A veces es consecuencia de una p\u00e9rdida, un cambio importante o una acumulaci\u00f3n de experiencias dif\u00edciles. En otras, no hay una causa clara, pero el malestar est\u00e1 ah\u00ed, pesando cada d\u00eda.<\/p><p>Entender lo que est\u00e1s sintiendo y darle un espacio puede marcar el <strong>comienzo de tu recuperaci\u00f3n<\/strong>.<\/p>\t\t\t\t\t\t\t\t<\/div>\n\t\t\t\t<\/div>\n\t\t\t\t\t<\/div>\n\t\t<\/div>\n\t\t\t\t\t<\/div>\n\t\t<\/section>\n\t\t\t\t<section class=\"elementor-section elementor-top-section elementor-element elementor-element-2eaed8e elementor-section-boxed elementor-section-height-default elementor-section-height-default\" data-id=\"2eaed8e\" data-element_type=\"section\" data-settings=\"{&quot;background_background&quot;:&quot;classic&quot;}\">\n\t\t\t\t\t\t<div class=\"elementor-container elementor-column-gap-default\">\n\t\t\t\t\t<div class=\"elementor-column elementor-col-100 elementor-top-column elementor-element elementor-element-99348e1\" data-id=\"99348e1\" data-element_type=\"column\">\n\t\t\t<div class=\"elementor-widget-wrap elementor-element-populated\">\n\t\t\t\t\t\t<div class=\"elementor-element elementor-element-9762fa4 elementor-widget elementor-widget-heading\" data-id=\"9762fa4\" data-element_type=\"widget\" data-widget_type=\"heading.default\">\n\t\t\t\t<div class=\"elementor-widget-container\">\n\t\t\t\t\t<h3 class=\"elementor-heading-title elementor-size-default\">Acompa\u00f1amiento emocional en momentos de dolor<\/h3>\t\t\t\t<\/div>\n\t\t\t\t<\/div>\n\t\t\t\t<div class=\"elementor-element elementor-element-2565e45 elementor-widget elementor-widget-text-editor\" data-id=\"2565e45\" data-element_type=\"widget\" data-widget_type=\"text-editor.default\">\n\t\t\t\t<div class=\"elementor-widget-container\">\n\t\t\t\t\t\t\t\t\t<p>En terapia te ayudamos a <strong>transitar el duelo, ya sea por la muerte de un ser querido, una ruptura, una p\u00e9rdida personal o un cambio vital<\/strong>, desde el respeto por tu ritmo y tu proceso. Tambi\u00e9n abordamos los trastornos del estado de \u00e1nimo, como la tristeza persistente, la falta de motivaci\u00f3n o el desinter\u00e9s por la vida.<\/p><p>Trabajamos contigo para que puedas <strong>conectar con tu dolor sin quedarte atrapado en \u00e9l, reconstruir sentido, cuidar tu salud emocional y recuperar la conexi\u00f3n<\/strong> contigo y con el mundo.<\/p><p>Sentirse mal no siempre es una se\u00f1al de debilidad; a veces es una forma que tiene la vida de pedirte que te cuides.<\/p>\t\t\t\t\t\t\t\t<\/div>\n\t\t\t\t<\/div>\n\t\t\t\t\t<\/div>\n\t\t<\/div>\n\t\t\t\t\t<\/div>\n\t\t<\/section>\n\t\t\t\t<section class=\"elementor-section elementor-top-section elementor-element elementor-element-09797fa elementor-section-height-min-height elementor-section-items-stretch elementor-section-full_width elementor-section-height-default\" data-id=\"09797fa\" data-element_type=\"section\" data-settings=\"{&quot;background_background&quot;:&quot;classic&quot;}\">\n\t\t\t\t\t\t\t<div class=\"elementor-background-overlay\"><\/div>\n\t\t\t\t\t\t\t<div class=\"elementor-container elementor-column-gap-no\">\n\t\t\t\t\t<div class=\"elementor-column elementor-col-50 elementor-top-column elementor-element elementor-element-3dd8eb9\" data-id=\"3dd8eb9\" data-element_type=\"column\">\n\t\t\t<div class=\"elementor-widget-wrap elementor-element-populated\">\n\t\t\t\t\t\t<div class=\"elementor-element elementor-element-9bc0115 elementor-widget elementor-widget-heading\" data-id=\"9bc0115\" data-element_type=\"widget\" data-widget_type=\"heading.default\">\n\t\t\t\t<div class=\"elementor-widget-container\">\n\t\t\t\t\t<p class=\"elementor-heading-title elementor-size-default\">\u00bfTienes alguna duda?<\/p>\t\t\t\t<\/div>\n\t\t\t\t<\/div>\n\t\t\t\t<div class=\"elementor-element elementor-element-74347fa elementor-widget__width-inherit elementor-widget elementor-widget-heading\" data-id=\"74347fa\" data-element_type=\"widget\" data-settings=\"{&quot;_animation&quot;:&quot;none&quot;,&quot;_animation_delay&quot;:100}\" data-widget_type=\"heading.default\">\n\t\t\t\t<div class=\"elementor-widget-container\">\n\t\t\t\t\t<p class=\"elementor-heading-title elementor-size-default\">Contacta conmigo<\/p>\t\t\t\t<\/div>\n\t\t\t\t<\/div>\n\t\t\t\t<div class=\"elementor-element elementor-element-92cf58f elementor-widget elementor-widget-text-editor\" data-id=\"92cf58f\" data-element_type=\"widget\" data-settings=\"{&quot;_animation&quot;:&quot;none&quot;,&quot;_animation_delay&quot;:200}\" data-widget_type=\"text-editor.default\">\n\t\t\t\t<div class=\"elementor-widget-container\">\n\t\t\t\t\t\t\t\t\t<p>Si necesitas apoyo para ti o alguien cercano, no est\u00e1s solo.\u00a0<\/p><p>Contacta conmigo y reserva tu primera sesi\u00f3n para comenzar el camino hacia el bienestar. Estoy aqu\u00ed para ayudarte.<\/p>\t\t\t\t\t\t\t\t<\/div>\n\t\t\t\t<\/div>\n\t\t\t\t<div class=\"elementor-element elementor-element-5d39e97 elementor-icon-list--layout-inline elementor-widget__width-auto elementor-list-item-link-full_width elementor-widget elementor-widget-icon-list\" data-id=\"5d39e97\" data-element_type=\"widget\" data-widget_type=\"icon-list.default\">\n\t\t\t\t<div class=\"elementor-widget-container\">\n\t\t\t\t\t\t\t<ul class=\"elementor-icon-list-items elementor-inline-items\">\n\t\t\t\t\t\t\t<li class=\"elementor-icon-list-item elementor-inline-item\">\n\t\t\t\t\t\t\t\t\t\t\t<a href=\"tel:+34677338600\">\n\n\t\t\t\t\t\t\t\t\t\t\t\t<span class=\"elementor-icon-list-icon\">\n\t\t\t\t\t\t\t<svg aria-hidden=\"true\" class=\"e-font-icon-svg e-fab-whatsapp\" viewBox=\"0 0 448 512\" xmlns=\"http:\/\/www.w3.org\/2000\/svg\"><path d=\"M380.9 97.1C339 55.1 283.2 32 223.9 32c-122.4 0-222 99.6-222 222 0 39.1 10.2 77.3 29.6 111L0 480l117.7-30.9c32.4 17.7 68.9 27 106.1 27h.1c122.3 0 224.1-99.6 224.1-222 0-59.3-25.2-115-67.1-157zm-157 341.6c-33.2 0-65.7-8.9-94-25.7l-6.7-4-69.8 18.3L72 359.2l-4.4-7c-18.5-29.4-28.2-63.3-28.2-98.2 0-101.7 82.8-184.5 184.6-184.5 49.3 0 95.6 19.2 130.4 54.1 34.8 34.9 56.2 81.2 56.1 130.5 0 101.8-84.9 184.6-186.6 184.6zm101.2-138.2c-5.5-2.8-32.8-16.2-37.9-18-5.1-1.9-8.8-2.8-12.5 2.8-3.7 5.6-14.3 18-17.6 21.8-3.2 3.7-6.5 4.2-12 1.4-32.6-16.3-54-29.1-75.5-66-5.7-9.8 5.7-9.1 16.3-30.3 1.8-3.7.9-6.9-.5-9.7-1.4-2.8-12.5-30.1-17.1-41.2-4.5-10.8-9.1-9.3-12.5-9.5-3.2-.2-6.9-.2-10.6-.2-3.7 0-9.7 1.4-14.8 6.9-5.1 5.6-19.4 19-19.4 46.3 0 27.3 19.9 53.7 22.6 57.4 2.8 3.7 39.1 59.7 94.8 83.8 35.2 15.2 49 16.5 66.6 13.9 10.7-1.6 32.8-13.4 37.4-26.4 4.6-13 4.6-24.1 3.2-26.4-1.3-2.5-5-3.9-10.5-6.6z\"><\/path><\/svg>\t\t\t\t\t\t<\/span>\n\t\t\t\t\t\t\t\t\t\t<span class=\"elementor-icon-list-text\">677 338 600<\/span>\n\t\t\t\t\t\t\t\t\t\t\t<\/a>\n\t\t\t\t\t\t\t\t\t<\/li>\n\t\t\t\t\t\t\t\t<li class=\"elementor-icon-list-item elementor-inline-item\">\n\t\t\t\t\t\t\t\t\t\t\t<span class=\"elementor-icon-list-icon\">\n\t\t\t\t\t\t\t<svg aria-hidden=\"true\" class=\"e-font-icon-svg e-far-envelope\" viewBox=\"0 0 512 512\" xmlns=\"http:\/\/www.w3.org\/2000\/svg\"><path d=\"M464 64H48C21.49 64 0 85.49 0 112v288c0 26.51 21.49 48 48 48h416c26.51 0 48-21.49 48-48V112c0-26.51-21.49-48-48-48zm0 48v40.805c-22.422 18.259-58.168 46.651-134.587 106.49-16.841 13.247-50.201 45.072-73.413 44.701-23.208.375-56.579-31.459-73.413-44.701C106.18 199.465 70.425 171.067 48 152.805V112h416zM48 400V214.398c22.914 18.251 55.409 43.862 104.938 82.646 21.857 17.205 60.134 55.186 103.062 54.955 42.717.231 80.509-37.199 103.053-54.947 49.528-38.783 82.032-64.401 104.947-82.653V400H48z\"><\/path><\/svg>\t\t\t\t\t\t<\/span>\n\t\t\t\t\t\t\t\t\t\t<span class=\"elementor-icon-list-text\">jfo.psicologo@gmail.com<\/span>\n\t\t\t\t\t\t\t\t\t<\/li>\n\t\t\t\t\t\t<\/ul>\n\t\t\t\t\t\t<\/div>\n\t\t\t\t<\/div>\n\t\t\t\t<div class=\"elementor-element elementor-element-191c8fa elementor-button-align-start elementor-widget elementor-widget-form\" data-id=\"191c8fa\" data-element_type=\"widget\" data-settings=\"{&quot;step_next_label&quot;:&quot;Siguiente &quot;,&quot;step_previous_label&quot;:&quot;Anterior&quot;,&quot;button_width_tablet&quot;:&quot;100&quot;,&quot;button_width&quot;:&quot;100&quot;,&quot;step_type&quot;:&quot;number_text&quot;,&quot;step_icon_shape&quot;:&quot;circle&quot;}\" data-widget_type=\"form.default\">\n\t\t\t\t<div class=\"elementor-widget-container\">\n\t\t\t\t\t\t\t<form class=\"elementor-form\" method=\"post\" name=\"Contact Form\" aria-label=\"Contact Form\" novalidate=\"\">\n\t\t\t<input type=\"hidden\" name=\"post_id\" value=\"2000\"\/>\n\t\t\t<input type=\"hidden\" name=\"form_id\" value=\"191c8fa\"\/>\n\t\t\t<input type=\"hidden\" name=\"referer_title\" value=\"Psic\u00f3logo duelo y estado de \u00e1nimo - Pepe psic\u00f3logo\" \/>\n\n\t\t\t\t\t\t\t<input type=\"hidden\" name=\"queried_id\" value=\"2000\"\/>\n\t\t\t\n\t\t\t<div class=\"elementor-form-fields-wrapper elementor-labels-\">\n\t\t\t\t\t\t\t\t<div class=\"elementor-field-type-text elementor-field-group elementor-column elementor-field-group-name elementor-col-100\">\n\t\t\t\t\t\t\t\t\t\t\t\t<label for=\"form-field-name\" class=\"elementor-field-label elementor-screen-only\">\n\t\t\t\t\t\t\t\tNombre \t\t\t\t\t\t\t<\/label>\n\t\t\t\t\t\t\t\t\t\t\t\t\t\t<input size=\"1\" type=\"text\" name=\"form_fields[name]\" id=\"form-field-name\" class=\"elementor-field elementor-size-xs  elementor-field-textual\" placeholder=\"Nombre \">\n\t\t\t\t\t\t\t\t\t\t\t<\/div>\n\t\t\t\t\t\t\t\t<div class=\"elementor-field-type-email elementor-field-group elementor-column elementor-field-group-email elementor-col-50 elementor-md-100 elementor-field-required\">\n\t\t\t\t\t\t\t\t\t\t\t\t<label for=\"form-field-email\" class=\"elementor-field-label elementor-screen-only\">\n\t\t\t\t\t\t\t\tEmail\t\t\t\t\t\t\t<\/label>\n\t\t\t\t\t\t\t\t\t\t\t\t\t\t<input size=\"1\" type=\"email\" name=\"form_fields[email]\" id=\"form-field-email\" class=\"elementor-field elementor-size-xs  elementor-field-textual\" placeholder=\"Email\" required=\"required\">\n\t\t\t\t\t\t\t\t\t\t\t<\/div>\n\t\t\t\t\t\t\t\t<div class=\"elementor-field-type-tel elementor-field-group elementor-column elementor-field-group-field_5057311 elementor-col-50 elementor-md-100\">\n\t\t\t\t\t\t\t\t\t\t\t\t<label for=\"form-field-field_5057311\" class=\"elementor-field-label elementor-screen-only\">\n\t\t\t\t\t\t\t\tTel\u00e9fono\t\t\t\t\t\t\t<\/label>\n\t\t\t\t\t\t\t\t<input size=\"1\" type=\"tel\" name=\"form_fields[field_5057311]\" id=\"form-field-field_5057311\" class=\"elementor-field elementor-size-xs  elementor-field-textual\" placeholder=\"Tel\u00e9fono\" pattern=\"[0-9()#&amp;+*-=.]+\" title=\"Only numbers and phone characters (#, -, *, etc) are accepted.\">\n\n\t\t\t\t\t\t<\/div>\n\t\t\t\t\t\t\t\t<div class=\"elementor-field-type-textarea elementor-field-group elementor-column elementor-field-group-field_268804d elementor-col-100 elementor-md-100\">\n\t\t\t\t\t\t\t\t\t\t\t\t<label for=\"form-field-field_268804d\" class=\"elementor-field-label elementor-screen-only\">\n\t\t\t\t\t\t\t\tMensaje\t\t\t\t\t\t\t<\/label>\n\t\t\t\t\t\t<textarea class=\"elementor-field-textual elementor-field  elementor-size-xs\" name=\"form_fields[field_268804d]\" id=\"form-field-field_268804d\" rows=\"4\" placeholder=\"Mensaje\"><\/textarea>\t\t\t\t<\/div>\n\t\t\t\t\t\t\t\t<div class=\"elementor-field-group elementor-column elementor-field-type-submit elementor-col-100 e-form__buttons elementor-md-100\">\n\t\t\t\t\t<button class=\"elementor-button elementor-size-sm\" type=\"submit\">\n\t\t\t\t\t\t<span class=\"elementor-button-content-wrapper\">\n\t\t\t\t\t\t\t\t\t\t\t\t\t\t\t\t\t\t\t\t\t\t<span class=\"elementor-button-text\">Enviar<\/span>\n\t\t\t\t\t\t\t\t\t\t\t\t\t<\/span>\n\t\t\t\t\t<\/button>\n\t\t\t\t<\/div>\n\t\t\t<\/div>\n\t\t<\/form>\n\t\t\t\t\t\t<\/div>\n\t\t\t\t<\/div>\n\t\t\t\t\t<\/div>\n\t\t<\/div>\n\t\t\t\t<div class=\"elementor-column elementor-col-50 elementor-top-column elementor-element elementor-element-516b022\" data-id=\"516b022\" data-element_type=\"column\">\n\t\t\t<div class=\"elementor-widget-wrap\">\n\t\t\t\t\t\t\t<\/div>\n\t\t<\/div>\n\t\t\t\t\t<\/div>\n\t\t<\/section>\n\t\t\t\t<\/div>\n\t\t","protected":false},"excerpt":{"rendered":"<p>Psic\u00f3logo duelo Estado de \u00e1nimo y proceso de duelo Si t\u00fa o alguien cercano est\u00e1 lidiando con un problema de estr\u00e9s, buscar ayuda es el primer paso hacia el bienestar. No est\u00e1s solo en este proceso, hay apoyo y soluciones para afrontar p\u00e9rdidas y cambios emocionales. Terapia para procesos de duelo Hay momentos en los [&hellip;]<\/p>\n","protected":false},"author":3,"featured_media":0,"parent":27,"menu_order":0,"comment_status":"closed","ping_status":"closed","template":"elementor_header_footer","meta":{"iawp_total_views":4,"footnotes":""},"class_list":["post-2000","page","type-page","status-publish","hentry"],"yoast_head":"<!-- This site is optimized with the Yoast SEO plugin v27.0 - https:\/\/yoast.com\/product\/yoast-seo-wordpress\/ -->\n<title>Psic\u00f3logo duelo y estado de \u00e1nimo - Pepe psic\u00f3logo<\/title>\n<meta name=\"description\" content=\"Te ayudamos a conectar con tu dolor, reconstruir sentido, cuidar tu salud emocional y recuperar la conexi\u00f3n contigo y con el mundo\" \/>\n<meta name=\"robots\" content=\"index, follow, max-snippet:-1, max-image-preview:large, max-video-preview:-1\" \/>\n<link rel=\"canonical\" href=\"https:\/\/pepepsicologo.es\/en\/servicios\/estado-animo-duelo\/\" \/>\n<meta property=\"og:locale\" content=\"en_GB\" \/>\n<meta property=\"og:type\" content=\"article\" \/>\n<meta property=\"og:title\" content=\"Psic\u00f3logo duelo y estado de \u00e1nimo - Pepe psic\u00f3logo\" \/>\n<meta property=\"og:description\" content=\"Te ayudamos a conectar con tu dolor, reconstruir sentido, cuidar tu salud emocional y recuperar la conexi\u00f3n contigo y con el mundo\" \/>\n<meta property=\"og:url\" content=\"https:\/\/pepepsicologo.es\/en\/servicios\/estado-animo-duelo\/\" \/>\n<meta property=\"og:site_name\" content=\"Pepe Psic\u00f3logo\" \/>\n<meta property=\"article:modified_time\" content=\"2025-05-22T09:37:47+00:00\" \/>\n<meta name=\"twitter:card\" content=\"summary_large_image\" \/>\n<meta name=\"twitter:label1\" content=\"Estimated reading time\" \/>\n\t<meta name=\"twitter:data1\" content=\"2 minutes\" \/>\n<script type=\"application\/ld+json\" class=\"yoast-schema-graph\">{\"@context\":\"https:\/\/schema.org\",\"@graph\":[{\"@type\":\"WebPage\",\"@id\":\"https:\/\/pepepsicologo.es\/servicios\/estado-animo-duelo\/\",\"url\":\"https:\/\/pepepsicologo.es\/servicios\/estado-animo-duelo\/\",\"name\":\"Psic\u00f3logo duelo y estado de \u00e1nimo - Pepe psic\u00f3logo\",\"isPartOf\":{\"@id\":\"https:\/\/pepepsicologo.es\/#website\"},\"datePublished\":\"2025-05-22T06:47:55+00:00\",\"dateModified\":\"2025-05-22T09:37:47+00:00\",\"description\":\"Te ayudamos a conectar con tu dolor, reconstruir sentido, cuidar tu salud emocional y recuperar la conexi\u00f3n contigo y con el mundo\",\"breadcrumb\":{\"@id\":\"https:\/\/pepepsicologo.es\/servicios\/estado-animo-duelo\/#breadcrumb\"},\"inLanguage\":\"en-GB\",\"potentialAction\":[{\"@type\":\"ReadAction\",\"target\":[\"https:\/\/pepepsicologo.es\/servicios\/estado-animo-duelo\/\"]}]},{\"@type\":\"BreadcrumbList\",\"@id\":\"https:\/\/pepepsicologo.es\/servicios\/estado-animo-duelo\/#breadcrumb\",\"itemListElement\":[{\"@type\":\"ListItem\",\"position\":1,\"name\":\"Inicio\",\"item\":\"https:\/\/pepepsicologo.es\/\"},{\"@type\":\"ListItem\",\"position\":2,\"name\":\"Servicios\",\"item\":\"https:\/\/pepepsicologo.es\/servicios\/\"},{\"@type\":\"ListItem\",\"position\":3,\"name\":\"Estado \u00e1nimo y duelo\"}]},{\"@type\":\"WebSite\",\"@id\":\"https:\/\/pepepsicologo.es\/#website\",\"url\":\"https:\/\/pepepsicologo.es\/\",\"name\":\"Pepe Psic\u00f3logo\",\"description\":\"Tu psic\u00f3logo online en Granada\",\"publisher\":{\"@id\":\"https:\/\/pepepsicologo.es\/#organization\"},\"potentialAction\":[{\"@type\":\"SearchAction\",\"target\":{\"@type\":\"EntryPoint\",\"urlTemplate\":\"https:\/\/pepepsicologo.es\/?s={search_term_string}\"},\"query-input\":{\"@type\":\"PropertyValueSpecification\",\"valueRequired\":true,\"valueName\":\"search_term_string\"}}],\"inLanguage\":\"en-GB\"},{\"@type\":\"Organization\",\"@id\":\"https:\/\/pepepsicologo.es\/#organization\",\"name\":\"Pepe Psic\u00f3logo\",\"url\":\"https:\/\/pepepsicologo.es\/\",\"logo\":{\"@type\":\"ImageObject\",\"inLanguage\":\"en-GB\",\"@id\":\"https:\/\/pepepsicologo.es\/#\/schema\/logo\/image\/\",\"url\":\"https:\/\/pepepsicologo.es\/wp-content\/uploads\/2025\/05\/logotipo-pepe-psicologo.png\",\"contentUrl\":\"https:\/\/pepepsicologo.es\/wp-content\/uploads\/2025\/05\/logotipo-pepe-psicologo.png\",\"width\":800,\"height\":508,\"caption\":\"Pepe Psic\u00f3logo\"},\"image\":{\"@id\":\"https:\/\/pepepsicologo.es\/#\/schema\/logo\/image\/\"}}]}<\/script>\n<!-- \/ Yoast SEO plugin. -->","yoast_head_json":{"title":"Psic\u00f3logo duelo y estado de \u00e1nimo - Pepe psic\u00f3logo","description":"Te ayudamos a conectar con tu dolor, reconstruir sentido, cuidar tu salud emocional y recuperar la conexi\u00f3n contigo y con el mundo","robots":{"index":"index","follow":"follow","max-snippet":"max-snippet:-1","max-image-preview":"max-image-preview:large","max-video-preview":"max-video-preview:-1"},"canonical":"https:\/\/pepepsicologo.es\/en\/servicios\/estado-animo-duelo\/","og_locale":"en_GB","og_type":"article","og_title":"Psic\u00f3logo duelo y estado de \u00e1nimo - Pepe psic\u00f3logo","og_description":"Te ayudamos a conectar con tu dolor, reconstruir sentido, cuidar tu salud emocional y recuperar la conexi\u00f3n contigo y con el mundo","og_url":"https:\/\/pepepsicologo.es\/en\/servicios\/estado-animo-duelo\/","og_site_name":"Pepe Psic\u00f3logo","article_modified_time":"2025-05-22T09:37:47+00:00","twitter_card":"summary_large_image","twitter_misc":{"Estimated reading time":"2 minutes"},"schema":{"@context":"https:\/\/schema.org","@graph":[{"@type":"WebPage","@id":"https:\/\/pepepsicologo.es\/servicios\/estado-animo-duelo\/","url":"https:\/\/pepepsicologo.es\/servicios\/estado-animo-duelo\/","name":"Psic\u00f3logo duelo y estado de \u00e1nimo - Pepe psic\u00f3logo","isPartOf":{"@id":"https:\/\/pepepsicologo.es\/#website"},"datePublished":"2025-05-22T06:47:55+00:00","dateModified":"2025-05-22T09:37:47+00:00","description":"Te ayudamos a conectar con tu dolor, reconstruir sentido, cuidar tu salud emocional y recuperar la conexi\u00f3n contigo y con el mundo","breadcrumb":{"@id":"https:\/\/pepepsicologo.es\/servicios\/estado-animo-duelo\/#breadcrumb"},"inLanguage":"en-GB","potentialAction":[{"@type":"ReadAction","target":["https:\/\/pepepsicologo.es\/servicios\/estado-animo-duelo\/"]}]},{"@type":"BreadcrumbList","@id":"https:\/\/pepepsicologo.es\/servicios\/estado-animo-duelo\/#breadcrumb","itemListElement":[{"@type":"ListItem","position":1,"name":"Inicio","item":"https:\/\/pepepsicologo.es\/"},{"@type":"ListItem","position":2,"name":"Servicios","item":"https:\/\/pepepsicologo.es\/servicios\/"},{"@type":"ListItem","position":3,"name":"Estado \u00e1nimo y duelo"}]},{"@type":"WebSite","@id":"https:\/\/pepepsicologo.es\/#website","url":"https:\/\/pepepsicologo.es\/","name":"Pepe Psic\u00f3logo","description":"Tu psic\u00f3logo online en Granada","publisher":{"@id":"https:\/\/pepepsicologo.es\/#organization"},"potentialAction":[{"@type":"SearchAction","target":{"@type":"EntryPoint","urlTemplate":"https:\/\/pepepsicologo.es\/?s={search_term_string}"},"query-input":{"@type":"PropertyValueSpecification","valueRequired":true,"valueName":"search_term_string"}}],"inLanguage":"en-GB"},{"@type":"Organization","@id":"https:\/\/pepepsicologo.es\/#organization","name":"Pepe Psic\u00f3logo","url":"https:\/\/pepepsicologo.es\/","logo":{"@type":"ImageObject","inLanguage":"en-GB","@id":"https:\/\/pepepsicologo.es\/#\/schema\/logo\/image\/","url":"https:\/\/pepepsicologo.es\/wp-content\/uploads\/2025\/05\/logotipo-pepe-psicologo.png","contentUrl":"https:\/\/pepepsicologo.es\/wp-content\/uploads\/2025\/05\/logotipo-pepe-psicologo.png","width":800,"height":508,"caption":"Pepe Psic\u00f3logo"},"image":{"@id":"https:\/\/pepepsicologo.es\/#\/schema\/logo\/image\/"}}]}},"_links":{"self":[{"href":"https:\/\/pepepsicologo.es\/en\/wp-json\/wp\/v2\/pages\/2000","targetHints":{"allow":["GET"]}}],"collection":[{"href":"https:\/\/pepepsicologo.es\/en\/wp-json\/wp\/v2\/pages"}],"about":[{"href":"https:\/\/pepepsicologo.es\/en\/wp-json\/wp\/v2\/types\/page"}],"author":[{"embeddable":true,"href":"https:\/\/pepepsicologo.es\/en\/wp-json\/wp\/v2\/users\/3"}],"replies":[{"embeddable":true,"href":"https:\/\/pepepsicologo.es\/en\/wp-json\/wp\/v2\/comments?post=2000"}],"version-history":[{"count":7,"href":"https:\/\/pepepsicologo.es\/en\/wp-json\/wp\/v2\/pages\/2000\/revisions"}],"predecessor-version":[{"id":2036,"href":"https:\/\/pepepsicologo.es\/en\/wp-json\/wp\/v2\/pages\/2000\/revisions\/2036"}],"up":[{"embeddable":true,"href":"https:\/\/pepepsicologo.es\/en\/wp-json\/wp\/v2\/pages\/27"}],"wp:attachment":[{"href":"https:\/\/pepepsicologo.es\/en\/wp-json\/wp\/v2\/media?parent=2000"}],"curies":[{"name":"wp","href":"https:\/\/api.w.org\/{rel}","templated":true}]}}