{"id":1756,"date":"2025-05-05T15:13:28","date_gmt":"2025-05-05T15:13:28","guid":{"rendered":"https:\/\/pepepsicologo.es\/?page_id=1756"},"modified":"2025-05-05T15:43:47","modified_gmt":"2025-05-05T15:43:47","slug":"declaracion-de-accesibilidad","status":"publish","type":"page","link":"https:\/\/pepepsicologo.es\/en\/declaracion-de-accesibilidad\/","title":{"rendered":"Declaraci\u00f3n de accesibilidad"},"content":{"rendered":"<div data-elementor-type=\"wp-page\" data-elementor-id=\"1756\" class=\"elementor elementor-1756\" data-elementor-post-type=\"page\">\n\t\t\t\t<div class=\"elementor-element elementor-element-0518405 e-flex e-con-boxed e-con e-parent\" data-id=\"0518405\" data-element_type=\"container\">\n\t\t\t\t\t<div class=\"e-con-inner\">\n\t\t\t\t<div class=\"elementor-element elementor-element-b2c9954 elementor-widget elementor-widget-heading\" data-id=\"b2c9954\" data-element_type=\"widget\" data-widget_type=\"heading.default\">\n\t\t\t\t<div class=\"elementor-widget-container\">\n\t\t\t\t\t<h1 class=\"elementor-heading-title elementor-size-default\">Declaraci\u00f3n de accesibilidad<\/h1>\t\t\t\t<\/div>\n\t\t\t\t<\/div>\n\t\t\t\t<div class=\"elementor-element elementor-element-5201ed8 elementor-widget elementor-widget-breadcrumbs\" data-id=\"5201ed8\" data-element_type=\"widget\" data-widget_type=\"breadcrumbs.default\">\n\t\t\t\t<div class=\"elementor-widget-container\">\n\t\t\t\t\t<p id=\"breadcrumbs\"><span><span><a href=\"https:\/\/pepepsicologo.es\/en\/\">Inicio<\/a><\/span><\/span><\/p>\t\t\t\t<\/div>\n\t\t\t\t<\/div>\n\t\t\t\t<div class=\"elementor-element elementor-element-df68a62 elementor-widget elementor-widget-text-editor\" data-id=\"df68a62\" data-element_type=\"widget\" data-widget_type=\"text-editor.default\">\n\t\t\t\t<div class=\"elementor-widget-container\">\n\t\t\t\t\t\t\t\t\t<p>Nuestro sitio web pepepsicologo.es, ha sido dise\u00f1ado y desarrollado con el objetivo de ser accesible para todos los usuarios, independientemente de sus habilidades o discapacidades. Hemos seguido las normas y est\u00e1ndares de accesibilidad establecidos por el Web Content Accessibility Guidelines (WCAG) 2.1 para garantizar que nuestro sitio sea f\u00e1cil de usar para todos.<\/p><p>Para lograr esto, hemos utilizado el sistema de gesti\u00f3n de contenidos WordPress, as\u00ed como los plugins Elementor y Wp Accessibility. Estos plugins nos han permitido crear una interfaz de usuario intuitiva y f\u00e1cil de navegar, y tambi\u00e9n han proporcionado funciones espec\u00edficas de accesibilidad, como la posibilidad de aumentar el tama\u00f1o del texto, cambiar los colores de la interfaz y utilizar la navegaci\u00f3n por teclado.<\/p><p>Si tiene alg\u00fan problema para acceder a la informaci\u00f3n en nuestro sitio, o si encuentra alg\u00fan error, por favor cont\u00e1ctenos a trav\u00e9s de nuestro correo electr\u00f3nico jfo.psicologo@gmail.com. Haremos todo lo posible para proporcionarle la informaci\u00f3n de la forma que mejor se adapte a sus necesidades.<\/p><p>Estamos comprometidos a mejorar continuamente la accesibilidad de nuestro sitio y agradecemos cualquier comentario o sugerencia que pueda tener.<\/p><p>Fecha de la \u00faltima revisi\u00f3n: 05-05-2025<\/p>\t\t\t\t\t\t\t\t<\/div>\n\t\t\t\t<\/div>\n\t\t\t\t\t<\/div>\n\t\t\t\t<\/div>\n\t\t\t\t<\/div>","protected":false},"excerpt":{"rendered":"<p>Declaraci\u00f3n de accesibilidad Nuestro sitio web pepepsicologo.es, ha sido dise\u00f1ado y desarrollado con el objetivo de ser accesible para todos los usuarios, independientemente de sus habilidades o discapacidades. Hemos seguido las normas y est\u00e1ndares de accesibilidad establecidos por el Web Content Accessibility Guidelines (WCAG) 2.1 para garantizar que nuestro sitio sea f\u00e1cil de usar para [&hellip;]<\/p>\n","protected":false},"author":3,"featured_media":0,"parent":0,"menu_order":0,"comment_status":"closed","ping_status":"closed","template":"elementor_header_footer","meta":{"iawp_total_views":2,"footnotes":""},"class_list":["post-1756","page","type-page","status-publish","hentry"],"yoast_head":"<!-- This site is optimized with the Yoast SEO plugin v27.0 - https:\/\/yoast.com\/product\/yoast-seo-wordpress\/ -->\n<title>Declaraci\u00f3n de accesibilidad - Pepe Psic\u00f3logo<\/title>\n<meta name=\"robots\" content=\"noindex, follow\" \/>\n<meta property=\"og:locale\" content=\"en_GB\" \/>\n<meta property=\"og:type\" content=\"article\" \/>\n<meta property=\"og:title\" content=\"Declaraci\u00f3n de accesibilidad - Pepe Psic\u00f3logo\" \/>\n<meta property=\"og:description\" content=\"Declaraci\u00f3n de accesibilidad Nuestro sitio web pepepsicologo.es, ha sido dise\u00f1ado y desarrollado con el objetivo de ser accesible para todos los usuarios, independientemente de sus habilidades o discapacidades. Hemos seguido las normas y est\u00e1ndares de accesibilidad establecidos por el Web Content Accessibility Guidelines (WCAG) 2.1 para garantizar que nuestro sitio sea f\u00e1cil de usar para [&hellip;]\" \/>\n<meta property=\"og:url\" content=\"https:\/\/pepepsicologo.es\/en\/declaracion-de-accesibilidad\/\" \/>\n<meta property=\"og:site_name\" content=\"Pepe Psic\u00f3logo\" \/>\n<meta property=\"article:modified_time\" content=\"2025-05-05T15:43:47+00:00\" \/>\n<meta name=\"twitter:card\" content=\"summary_large_image\" \/>\n<meta name=\"twitter:label1\" content=\"Estimated reading time\" \/>\n\t<meta name=\"twitter:data1\" content=\"1 minute\" \/>\n<script type=\"application\/ld+json\" class=\"yoast-schema-graph\">{\"@context\":\"https:\/\/schema.org\",\"@graph\":[{\"@type\":\"WebPage\",\"@id\":\"https:\/\/pepepsicologo.es\/declaracion-de-accesibilidad\/\",\"url\":\"https:\/\/pepepsicologo.es\/declaracion-de-accesibilidad\/\",\"name\":\"Declaraci\u00f3n de accesibilidad - Pepe Psic\u00f3logo\",\"isPartOf\":{\"@id\":\"https:\/\/pepepsicologo.es\/#website\"},\"datePublished\":\"2025-05-05T15:13:28+00:00\",\"dateModified\":\"2025-05-05T15:43:47+00:00\",\"breadcrumb\":{\"@id\":\"https:\/\/pepepsicologo.es\/declaracion-de-accesibilidad\/#breadcrumb\"},\"inLanguage\":\"en-GB\",\"potentialAction\":[{\"@type\":\"ReadAction\",\"target\":[\"https:\/\/pepepsicologo.es\/declaracion-de-accesibilidad\/\"]}]},{\"@type\":\"BreadcrumbList\",\"@id\":\"https:\/\/pepepsicologo.es\/declaracion-de-accesibilidad\/#breadcrumb\",\"itemListElement\":[{\"@type\":\"ListItem\",\"position\":1,\"name\":\"Inicio\",\"item\":\"https:\/\/pepepsicologo.es\/\"},{\"@type\":\"ListItem\",\"position\":2,\"name\":\"Declaraci\u00f3n de accesibilidad\"}]},{\"@type\":\"WebSite\",\"@id\":\"https:\/\/pepepsicologo.es\/#website\",\"url\":\"https:\/\/pepepsicologo.es\/\",\"name\":\"Pepe Psic\u00f3logo\",\"description\":\"Tu psic\u00f3logo online en Granada\",\"publisher\":{\"@id\":\"https:\/\/pepepsicologo.es\/#organization\"},\"potentialAction\":[{\"@type\":\"SearchAction\",\"target\":{\"@type\":\"EntryPoint\",\"urlTemplate\":\"https:\/\/pepepsicologo.es\/?s={search_term_string}\"},\"query-input\":{\"@type\":\"PropertyValueSpecification\",\"valueRequired\":true,\"valueName\":\"search_term_string\"}}],\"inLanguage\":\"en-GB\"},{\"@type\":\"Organization\",\"@id\":\"https:\/\/pepepsicologo.es\/#organization\",\"name\":\"Pepe Psic\u00f3logo\",\"url\":\"https:\/\/pepepsicologo.es\/\",\"logo\":{\"@type\":\"ImageObject\",\"inLanguage\":\"en-GB\",\"@id\":\"https:\/\/pepepsicologo.es\/#\/schema\/logo\/image\/\",\"url\":\"https:\/\/pepepsicologo.es\/wp-content\/uploads\/2025\/05\/logotipo-pepe-psicologo.png\",\"contentUrl\":\"https:\/\/pepepsicologo.es\/wp-content\/uploads\/2025\/05\/logotipo-pepe-psicologo.png\",\"width\":800,\"height\":508,\"caption\":\"Pepe Psic\u00f3logo\"},\"image\":{\"@id\":\"https:\/\/pepepsicologo.es\/#\/schema\/logo\/image\/\"}}]}<\/script>\n<!-- \/ Yoast SEO plugin. -->","yoast_head_json":{"title":"Declaraci\u00f3n de accesibilidad - Pepe Psic\u00f3logo","robots":{"index":"noindex","follow":"follow"},"og_locale":"en_GB","og_type":"article","og_title":"Declaraci\u00f3n de accesibilidad - Pepe Psic\u00f3logo","og_description":"Declaraci\u00f3n de accesibilidad Nuestro sitio web pepepsicologo.es, ha sido dise\u00f1ado y desarrollado con el objetivo de ser accesible para todos los usuarios, independientemente de sus habilidades o discapacidades. Hemos seguido las normas y est\u00e1ndares de accesibilidad establecidos por el Web Content Accessibility Guidelines (WCAG) 2.1 para garantizar que nuestro sitio sea f\u00e1cil de usar para [&hellip;]","og_url":"https:\/\/pepepsicologo.es\/en\/declaracion-de-accesibilidad\/","og_site_name":"Pepe Psic\u00f3logo","article_modified_time":"2025-05-05T15:43:47+00:00","twitter_card":"summary_large_image","twitter_misc":{"Estimated reading time":"1 minute"},"schema":{"@context":"https:\/\/schema.org","@graph":[{"@type":"WebPage","@id":"https:\/\/pepepsicologo.es\/declaracion-de-accesibilidad\/","url":"https:\/\/pepepsicologo.es\/declaracion-de-accesibilidad\/","name":"Declaraci\u00f3n de accesibilidad - Pepe Psic\u00f3logo","isPartOf":{"@id":"https:\/\/pepepsicologo.es\/#website"},"datePublished":"2025-05-05T15:13:28+00:00","dateModified":"2025-05-05T15:43:47+00:00","breadcrumb":{"@id":"https:\/\/pepepsicologo.es\/declaracion-de-accesibilidad\/#breadcrumb"},"inLanguage":"en-GB","potentialAction":[{"@type":"ReadAction","target":["https:\/\/pepepsicologo.es\/declaracion-de-accesibilidad\/"]}]},{"@type":"BreadcrumbList","@id":"https:\/\/pepepsicologo.es\/declaracion-de-accesibilidad\/#breadcrumb","itemListElement":[{"@type":"ListItem","position":1,"name":"Inicio","item":"https:\/\/pepepsicologo.es\/"},{"@type":"ListItem","position":2,"name":"Declaraci\u00f3n de accesibilidad"}]},{"@type":"WebSite","@id":"https:\/\/pepepsicologo.es\/#website","url":"https:\/\/pepepsicologo.es\/","name":"Pepe Psic\u00f3logo","description":"Tu psic\u00f3logo online en Granada","publisher":{"@id":"https:\/\/pepepsicologo.es\/#organization"},"potentialAction":[{"@type":"SearchAction","target":{"@type":"EntryPoint","urlTemplate":"https:\/\/pepepsicologo.es\/?s={search_term_string}"},"query-input":{"@type":"PropertyValueSpecification","valueRequired":true,"valueName":"search_term_string"}}],"inLanguage":"en-GB"},{"@type":"Organization","@id":"https:\/\/pepepsicologo.es\/#organization","name":"Pepe Psic\u00f3logo","url":"https:\/\/pepepsicologo.es\/","logo":{"@type":"ImageObject","inLanguage":"en-GB","@id":"https:\/\/pepepsicologo.es\/#\/schema\/logo\/image\/","url":"https:\/\/pepepsicologo.es\/wp-content\/uploads\/2025\/05\/logotipo-pepe-psicologo.png","contentUrl":"https:\/\/pepepsicologo.es\/wp-content\/uploads\/2025\/05\/logotipo-pepe-psicologo.png","width":800,"height":508,"caption":"Pepe Psic\u00f3logo"},"image":{"@id":"https:\/\/pepepsicologo.es\/#\/schema\/logo\/image\/"}}]}},"_links":{"self":[{"href":"https:\/\/pepepsicologo.es\/en\/wp-json\/wp\/v2\/pages\/1756","targetHints":{"allow":["GET"]}}],"collection":[{"href":"https:\/\/pepepsicologo.es\/en\/wp-json\/wp\/v2\/pages"}],"about":[{"href":"https:\/\/pepepsicologo.es\/en\/wp-json\/wp\/v2\/types\/page"}],"author":[{"embeddable":true,"href":"https:\/\/pepepsicologo.es\/en\/wp-json\/wp\/v2\/users\/3"}],"replies":[{"embeddable":true,"href":"https:\/\/pepepsicologo.es\/en\/wp-json\/wp\/v2\/comments?post=1756"}],"version-history":[{"count":8,"href":"https:\/\/pepepsicologo.es\/en\/wp-json\/wp\/v2\/pages\/1756\/revisions"}],"predecessor-version":[{"id":2064,"href":"https:\/\/pepepsicologo.es\/en\/wp-json\/wp\/v2\/pages\/1756\/revisions\/2064"}],"wp:attachment":[{"href":"https:\/\/pepepsicologo.es\/en\/wp-json\/wp\/v2\/media?parent=1756"}],"curies":[{"name":"wp","href":"https:\/\/api.w.org\/{rel}","templated":true}]}}